{"id":172,"date":"2023-11-21T17:33:58","date_gmt":"2023-11-21T17:33:58","guid":{"rendered":"https:\/\/discover.ulysse.com\/?page_id=172"},"modified":"2023-11-21T17:41:00","modified_gmt":"2023-11-21T17:41:00","slug":"a-propos","status":"publish","type":"page","link":"https:\/\/ulysse.com\/news\/a-propos","title":{"rendered":"\u00c0 propos"},"content":{"rendered":"<p>Bienvenue sur les News d&#8217;Ulysse, votre m\u00e9dia incontournable sur les voyages et les actualit\u00e9s li\u00e9s \u00e0 l&#8217;aviation. Depuis ses d\u00e9buts, Ulysse a accompagn\u00e9 plus de 100 000 personnes dans l&#8217;organisation de leur voyage \u00e0 travers le monde.<\/p>\n<p>Les News d&#8217;Ulysse couvre un large \u00e9ventail de secteurs comme le tourisme, la mobilit\u00e9, les voyages et l&#8217;aviation.<\/p>\n<p>Notre \u00e9quipe de r\u00e9dacteurs s&#8217;efforce de partager en temps r\u00e9el les bonnes informations pour voyager l&#8217;esprit serein, tant au niveau national qu&#8217;europ\u00e9en.<\/p>\n<p>Les News d&#8217;Ulysse sont plus qu&#8217;un simple site d&#8217;information de voyage. C&#8217;est une communaut\u00e9 de passionn\u00e9s qui accompagnent d\u00e9j\u00e0 des milliers de personnes dans la r\u00e9servation de leur billets d&#8217;avion, avec un service client num\u00e9ro 1 en Europe sur Trustpilot.<\/p>\n<\/p>\n<p>Bienvenue sur les News d&#8217;Ulysse, les informations pour voyager.<\/p>\n","protected":false},"excerpt":{"rendered":"<p>Bienvenue sur les News d&#8217;Ulysse, votre m\u00e9dia incontournable sur les voyages et les actualit\u00e9s li\u00e9s \u00e0 l&#8217;aviation. Depuis ses d\u00e9buts, [&hellip;]<\/p>\n","protected":false},"author":2,"featured_media":0,"parent":0,"menu_order":0,"comment_status":"closed","ping_status":"open","template":"","meta":{"_acf_changed":false,"_sitemap_exclude":false,"_sitemap_priority":"","_sitemap_frequency":"","footnotes":""},"class_list":["post-172","page","type-page","status-publish","hentry"],"acf":[],"_links":{"self":[{"href":"https:\/\/ulysse.com\/news\/wp-json\/wp\/v2\/pages\/172","targetHints":{"allow":["GET"]}}],"collection":[{"href":"https:\/\/ulysse.com\/news\/wp-json\/wp\/v2\/pages"}],"about":[{"href":"https:\/\/ulysse.com\/news\/wp-json\/wp\/v2\/types\/page"}],"author":[{"embeddable":true,"href":"https:\/\/ulysse.com\/news\/wp-json\/wp\/v2\/users\/2"}],"replies":[{"embeddable":true,"href":"https:\/\/ulysse.com\/news\/wp-json\/wp\/v2\/comments?post=172"}],"version-history":[{"count":5,"href":"https:\/\/ulysse.com\/news\/wp-json\/wp\/v2\/pages\/172\/revisions"}],"predecessor-version":[{"id":177,"href":"https:\/\/ulysse.com\/news\/wp-json\/wp\/v2\/pages\/172\/revisions\/177"}],"wp:attachment":[{"href":"https:\/\/ulysse.com\/news\/wp-json\/wp\/v2\/media?parent=172"}],"curies":[{"name":"wp","href":"https:\/\/api.w.org\/{rel}","templated":true}]}}