{"id":27388,"date":"2025-03-24T17:47:13","date_gmt":"2025-03-24T16:47:13","guid":{"rendered":"https:\/\/discover.ulysse.com\/?page_id=27388"},"modified":"2025-03-24T17:47:13","modified_gmt":"2025-03-24T16:47:13","slug":"partez-avec-ulysse","status":"publish","type":"page","link":"https:\/\/ulysse.com\/news\/partez-avec-ulysse","title":{"rendered":"Partez avec Ulysse"},"content":{"rendered":"<div class=\"post-top\">\n<p class=\"subtitle\">Tous les mois un voyage \u00e0 gagner<\/p>\n<div class=\"thumbnail-post\"><img decoding=\"async\" class=\"alignnone size-full wp-image-27399\" src=\"https:\/\/discover.ulysse.com\/wp-content\/uploads\/2025\/03\/a-photo-of-the-iconic-white-washed-build_wyGS87a4RjuwqEFrBNrBig_Qm8eL5f2SJK_mOenC1eN6A.jpeg\" alt=\"\" width=\"1312\" height=\"736\" srcset=\"https:\/\/ulysse.com\/news\/wp-content\/uploads\/2025\/03\/a-photo-of-the-iconic-white-washed-build_wyGS87a4RjuwqEFrBNrBig_Qm8eL5f2SJK_mOenC1eN6A.jpeg 1312w, https:\/\/ulysse.com\/news\/wp-content\/uploads\/2025\/03\/a-photo-of-the-iconic-white-washed-build_wyGS87a4RjuwqEFrBNrBig_Qm8eL5f2SJK_mOenC1eN6A-300x168.jpeg 300w, https:\/\/ulysse.com\/news\/wp-content\/uploads\/2025\/03\/a-photo-of-the-iconic-white-washed-build_wyGS87a4RjuwqEFrBNrBig_Qm8eL5f2SJK_mOenC1eN6A-1024x574.jpeg 1024w, https:\/\/ulysse.com\/news\/wp-content\/uploads\/2025\/03\/a-photo-of-the-iconic-white-washed-build_wyGS87a4RjuwqEFrBNrBig_Qm8eL5f2SJK_mOenC1eN6A-200x112.jpeg 200w, https:\/\/ulysse.com\/news\/wp-content\/uploads\/2025\/03\/a-photo-of-the-iconic-white-washed-build_wyGS87a4RjuwqEFrBNrBig_Qm8eL5f2SJK_mOenC1eN6A-768x431.jpeg 768w\" sizes=\"(max-width: 1312px) 100vw, 1312px\" \/><\/div>\n<\/div>\n<h2>Et si c&#8217;\u00e9tait votre jour de chance<\/h2>\n<p>Chaque mois, Ulysse vous fait gagner un voyage pour vous envoler vers une destination diff\u00e9rente. Une inscription, un tirage au sort, et peut-\u00eatre bient\u00f4t un billet en poche vers la destination de votre choix.<\/p>\n<p>[BANNER_ULYSSE]<\/p>\n<h2>Avant toute chose, faisons connaissance&nbsp;!<\/h2>\n<p>En plus d\u2019\u00eatre hyper sympa, Ulysse c\u2019est une fa\u00e7on simple et transparente de r\u00e9server vos vols, sans frais cach\u00e9s ni stress. Une interface fluide, un service client aux petits soins 7j\/7 et des prix sans mauvaise surprise. Bref, voyager comme \u00e7a devrait toujours l\u2019\u00eatre !<\/p>\n","protected":false},"excerpt":{"rendered":"<p>Tous les mois un voyage \u00e0 gagner Et si c&#8217;\u00e9tait votre jour de chance Chaque mois, Ulysse vous fait gagner [&hellip;]<\/p>\n","protected":false},"author":6,"featured_media":27399,"parent":0,"menu_order":0,"comment_status":"closed","ping_status":"closed","template":"newsletter-subscription.php","meta":{"_acf_changed":false,"_sitemap_exclude":false,"_sitemap_priority":"","_sitemap_frequency":"","footnotes":""},"class_list":["post-27388","page","type-page","status-publish","has-post-thumbnail","hentry"],"acf":[],"_links":{"self":[{"href":"https:\/\/ulysse.com\/news\/wp-json\/wp\/v2\/pages\/27388","targetHints":{"allow":["GET"]}}],"collection":[{"href":"https:\/\/ulysse.com\/news\/wp-json\/wp\/v2\/pages"}],"about":[{"href":"https:\/\/ulysse.com\/news\/wp-json\/wp\/v2\/types\/page"}],"author":[{"embeddable":true,"href":"https:\/\/ulysse.com\/news\/wp-json\/wp\/v2\/users\/6"}],"replies":[{"embeddable":true,"href":"https:\/\/ulysse.com\/news\/wp-json\/wp\/v2\/comments?post=27388"}],"version-history":[{"count":21,"href":"https:\/\/ulysse.com\/news\/wp-json\/wp\/v2\/pages\/27388\/revisions"}],"predecessor-version":[{"id":27594,"href":"https:\/\/ulysse.com\/news\/wp-json\/wp\/v2\/pages\/27388\/revisions\/27594"}],"wp:featuredmedia":[{"embeddable":true,"href":"https:\/\/ulysse.com\/news\/wp-json\/wp\/v2\/media\/27399"}],"wp:attachment":[{"href":"https:\/\/ulysse.com\/news\/wp-json\/wp\/v2\/media?parent=27388"}],"curies":[{"name":"wp","href":"https:\/\/api.w.org\/{rel}","templated":true}]}}